{"id":8783,"date":"2021-08-31T15:43:17","date_gmt":"2021-08-31T13:43:17","guid":{"rendered":"https:\/\/www.mova.ch\/?page_id=8783"},"modified":"2021-08-31T15:43:17","modified_gmt":"2021-08-31T13:43:17","slug":"conditions-de-participation-concours-en-ligne","status":"publish","type":"page","link":"https:\/\/www.mova.ch\/fr\/conditions-de-participation-concours-en-ligne","title":{"rendered":"Conditions de participation concours en ligne"},"content":{"rendered":"<div class=\"clearfix text-formatted field field--name-field-pg-text-text field--type-text-long field--label-hidden field__item\">\n<p>Ce concours est organis\u00e9 par<\/p>\n<p>Association Camp F\u00e9d\u00e9ral 2021<br \/>\nc\/o Mouvement Scout de Suisse<br \/>\nSpeichergasse 31<br \/>\nCH-3011 Bern<br \/>\n<a href=\"mailto:info@bula21.ch\" target=\"_blank\" rel=\"noopener noreferrer\">info@bula21.ch<\/a><\/p>\n<p>Ce concours n&rsquo;est d\u2019aucune fa\u00e7on li\u00e9 \u00e0 Facebook, Instagram et autres r\u00e9seaux sociaux et n&rsquo;est pas parrain\u00e9, soutenu ou organis\u00e9 par ces derniers.<\/p>\n<p>Les personnes autoris\u00e9es \u00e0 participer doivent \u00eatre domicili\u00e9es en Suisse.<\/p>\n<p>Les gagnants seront inform\u00e9s par \u00e9crit. Aucune correspondance ne sera \u00e9chang\u00e9e au sujet du Voting. Tout paiement en liquide ou recours en justice est exclu. La participation au concours est sans obligation d\u2019achat ou de commande. La dur\u00e9e des concours est d\u00e9finie et communiqu\u00e9 en fonction de chaque concours.<\/p>\n<p>Nous (Association Camp F\u00e9d\u00e9ral 2021) nous r\u00e9servons le droit de te demander ton accord pour la publication de ta contribution (photo, vid\u00e9o, texte, etc.), y compris ton nom.<\/p>\n<p><a href=\"https:\/\/www.mova.ch\/fr\/politique-de-confidentialite\">En savoir plus<\/a> de notre politique de confidentialit\u00e9.<\/p>\n<\/div>\n","protected":false},"excerpt":{"rendered":"<p>Ce concours est organis\u00e9 par Association Camp F\u00e9d\u00e9ral 2021 c\/o Mouvement Scout de Suisse Speichergasse 31 CH-3011 Bern info@bula21.ch Ce concours n&rsquo;est d\u2019aucune fa\u00e7on li\u00e9 \u00e0 Facebook, Instagram et autres r\u00e9seaux sociaux et n&rsquo;est pas parrain\u00e9, soutenu ou organis\u00e9 par ces derniers. Les personnes autoris\u00e9es \u00e0 participer doivent \u00eatre domicili\u00e9es en Suisse. Les gagnants seront [&hellip;]<\/p>\n","protected":false},"author":7,"featured_media":0,"parent":0,"menu_order":0,"comment_status":"closed","ping_status":"closed","template":"","meta":{"_acf_changed":false,"footnotes":""},"class_list":["post-8783","page","type-page","status-publish","hentry"],"acf":[],"yoast_head":"<!-- This site is optimized with the Yoast SEO plugin v26.4 - https:\/\/yoast.com\/wordpress\/plugins\/seo\/ -->\n<title>Conditions de participation concours en ligne - mova<\/title>\n<meta name=\"robots\" content=\"index, follow, max-snippet:-1, max-image-preview:large, max-video-preview:-1\" \/>\n<link rel=\"canonical\" href=\"https:\/\/www.mova.ch\/fr\/conditions-de-participation-concours-en-ligne\" \/>\n<meta property=\"og:locale\" content=\"fr_FR\" \/>\n<meta property=\"og:type\" content=\"article\" \/>\n<meta property=\"og:title\" content=\"Conditions de participation concours en ligne - mova\" \/>\n<meta property=\"og:description\" content=\"Ce concours est organis\u00e9 par Association Camp F\u00e9d\u00e9ral 2021 c\/o Mouvement Scout de Suisse Speichergasse 31 CH-3011 Bern info@bula21.ch Ce concours n&rsquo;est d\u2019aucune fa\u00e7on li\u00e9 \u00e0 Facebook, Instagram et autres r\u00e9seaux sociaux et n&rsquo;est pas parrain\u00e9, soutenu ou organis\u00e9 par ces derniers. Les personnes autoris\u00e9es \u00e0 participer doivent \u00eatre domicili\u00e9es en Suisse. Les gagnants seront [&hellip;]\" \/>\n<meta property=\"og:url\" content=\"https:\/\/www.mova.ch\/fr\/conditions-de-participation-concours-en-ligne\" \/>\n<meta property=\"og:site_name\" content=\"mova\" \/>\n<meta property=\"article:publisher\" content=\"https:\/\/www.facebook.com\/mova2021\/\" \/>\n<meta property=\"og:image\" content=\"https:\/\/www.mova.ch\/wp-content\/uploads\/2020\/03\/facebookvorschau.jpg\" \/>\n\t<meta property=\"og:image:width\" content=\"1364\" \/>\n\t<meta property=\"og:image:height\" content=\"755\" \/>\n\t<meta property=\"og:image:type\" content=\"image\/jpeg\" \/>\n<meta name=\"twitter:card\" content=\"summary_large_image\" \/>\n<meta name=\"twitter:label1\" content=\"Dur\u00e9e de lecture estim\u00e9e\" \/>\n\t<meta name=\"twitter:data1\" content=\"1 minute\" \/>\n<script type=\"application\/ld+json\" class=\"yoast-schema-graph\">{\"@context\":\"https:\/\/schema.org\",\"@graph\":[{\"@type\":\"WebPage\",\"@id\":\"https:\/\/www.mova.ch\/fr\/conditions-de-participation-concours-en-ligne\",\"url\":\"https:\/\/www.mova.ch\/fr\/conditions-de-participation-concours-en-ligne\",\"name\":\"Conditions de participation concours en ligne - mova\",\"isPartOf\":{\"@id\":\"https:\/\/www.mova.ch\/#website\"},\"datePublished\":\"2021-08-31T13:43:17+00:00\",\"breadcrumb\":{\"@id\":\"https:\/\/www.mova.ch\/fr\/conditions-de-participation-concours-en-ligne#breadcrumb\"},\"inLanguage\":\"fr-FR\",\"potentialAction\":[{\"@type\":\"ReadAction\",\"target\":[\"https:\/\/www.mova.ch\/fr\/conditions-de-participation-concours-en-ligne\"]}]},{\"@type\":\"BreadcrumbList\",\"@id\":\"https:\/\/www.mova.ch\/fr\/conditions-de-participation-concours-en-ligne#breadcrumb\",\"itemListElement\":[{\"@type\":\"ListItem\",\"position\":1,\"name\":\"Startseite\",\"item\":\"https:\/\/www.mova.ch\/fr\"},{\"@type\":\"ListItem\",\"position\":2,\"name\":\"Conditions de participation concours en ligne\"}]},{\"@type\":\"WebSite\",\"@id\":\"https:\/\/www.mova.ch\/#website\",\"url\":\"https:\/\/www.mova.ch\/\",\"name\":\"mova\",\"description\":\"Bundeslager - Camp F\u00e9d\u00e9ral - Campo Federale\",\"publisher\":{\"@id\":\"https:\/\/www.mova.ch\/#organization\"},\"potentialAction\":[{\"@type\":\"SearchAction\",\"target\":{\"@type\":\"EntryPoint\",\"urlTemplate\":\"https:\/\/www.mova.ch\/?s={search_term_string}\"},\"query-input\":{\"@type\":\"PropertyValueSpecification\",\"valueRequired\":true,\"valueName\":\"search_term_string\"}}],\"inLanguage\":\"fr-FR\"},{\"@type\":\"Organization\",\"@id\":\"https:\/\/www.mova.ch\/#organization\",\"name\":\"mova\",\"url\":\"https:\/\/www.mova.ch\/\",\"logo\":{\"@type\":\"ImageObject\",\"inLanguage\":\"fr-FR\",\"@id\":\"https:\/\/www.mova.ch\/#\/schema\/logo\/image\/\",\"url\":\"https:\/\/www.mova.ch\/wp-content\/uploads\/2020\/02\/mova.jpg\",\"contentUrl\":\"https:\/\/www.mova.ch\/wp-content\/uploads\/2020\/02\/mova.jpg\",\"width\":960,\"height\":960,\"caption\":\"mova\"},\"image\":{\"@id\":\"https:\/\/www.mova.ch\/#\/schema\/logo\/image\/\"},\"sameAs\":[\"https:\/\/www.facebook.com\/mova2021\/\",\"https:\/\/www.instagram.com\/cafe_bula21\/\"]}]}<\/script>\n<!-- \/ Yoast SEO plugin. -->","yoast_head_json":{"title":"Conditions de participation concours en ligne - mova","robots":{"index":"index","follow":"follow","max-snippet":"max-snippet:-1","max-image-preview":"max-image-preview:large","max-video-preview":"max-video-preview:-1"},"canonical":"https:\/\/www.mova.ch\/fr\/conditions-de-participation-concours-en-ligne","og_locale":"fr_FR","og_type":"article","og_title":"Conditions de participation concours en ligne - mova","og_description":"Ce concours est organis\u00e9 par Association Camp F\u00e9d\u00e9ral 2021 c\/o Mouvement Scout de Suisse Speichergasse 31 CH-3011 Bern info@bula21.ch Ce concours n&rsquo;est d\u2019aucune fa\u00e7on li\u00e9 \u00e0 Facebook, Instagram et autres r\u00e9seaux sociaux et n&rsquo;est pas parrain\u00e9, soutenu ou organis\u00e9 par ces derniers. Les personnes autoris\u00e9es \u00e0 participer doivent \u00eatre domicili\u00e9es en Suisse. Les gagnants seront [&hellip;]","og_url":"https:\/\/www.mova.ch\/fr\/conditions-de-participation-concours-en-ligne","og_site_name":"mova","article_publisher":"https:\/\/www.facebook.com\/mova2021\/","og_image":[{"width":1364,"height":755,"url":"https:\/\/www.mova.ch\/wp-content\/uploads\/2020\/03\/facebookvorschau.jpg","type":"image\/jpeg"}],"twitter_card":"summary_large_image","twitter_misc":{"Dur\u00e9e de lecture estim\u00e9e":"1 minute"},"schema":{"@context":"https:\/\/schema.org","@graph":[{"@type":"WebPage","@id":"https:\/\/www.mova.ch\/fr\/conditions-de-participation-concours-en-ligne","url":"https:\/\/www.mova.ch\/fr\/conditions-de-participation-concours-en-ligne","name":"Conditions de participation concours en ligne - mova","isPartOf":{"@id":"https:\/\/www.mova.ch\/#website"},"datePublished":"2021-08-31T13:43:17+00:00","breadcrumb":{"@id":"https:\/\/www.mova.ch\/fr\/conditions-de-participation-concours-en-ligne#breadcrumb"},"inLanguage":"fr-FR","potentialAction":[{"@type":"ReadAction","target":["https:\/\/www.mova.ch\/fr\/conditions-de-participation-concours-en-ligne"]}]},{"@type":"BreadcrumbList","@id":"https:\/\/www.mova.ch\/fr\/conditions-de-participation-concours-en-ligne#breadcrumb","itemListElement":[{"@type":"ListItem","position":1,"name":"Startseite","item":"https:\/\/www.mova.ch\/fr"},{"@type":"ListItem","position":2,"name":"Conditions de participation concours en ligne"}]},{"@type":"WebSite","@id":"https:\/\/www.mova.ch\/#website","url":"https:\/\/www.mova.ch\/","name":"mova","description":"Bundeslager - Camp F\u00e9d\u00e9ral - Campo Federale","publisher":{"@id":"https:\/\/www.mova.ch\/#organization"},"potentialAction":[{"@type":"SearchAction","target":{"@type":"EntryPoint","urlTemplate":"https:\/\/www.mova.ch\/?s={search_term_string}"},"query-input":{"@type":"PropertyValueSpecification","valueRequired":true,"valueName":"search_term_string"}}],"inLanguage":"fr-FR"},{"@type":"Organization","@id":"https:\/\/www.mova.ch\/#organization","name":"mova","url":"https:\/\/www.mova.ch\/","logo":{"@type":"ImageObject","inLanguage":"fr-FR","@id":"https:\/\/www.mova.ch\/#\/schema\/logo\/image\/","url":"https:\/\/www.mova.ch\/wp-content\/uploads\/2020\/02\/mova.jpg","contentUrl":"https:\/\/www.mova.ch\/wp-content\/uploads\/2020\/02\/mova.jpg","width":960,"height":960,"caption":"mova"},"image":{"@id":"https:\/\/www.mova.ch\/#\/schema\/logo\/image\/"},"sameAs":["https:\/\/www.facebook.com\/mova2021\/","https:\/\/www.instagram.com\/cafe_bula21\/"]}]}},"_links":{"self":[{"href":"https:\/\/www.mova.ch\/fr\/wp-json\/wp\/v2\/pages\/8783","targetHints":{"allow":["GET"]}}],"collection":[{"href":"https:\/\/www.mova.ch\/fr\/wp-json\/wp\/v2\/pages"}],"about":[{"href":"https:\/\/www.mova.ch\/fr\/wp-json\/wp\/v2\/types\/page"}],"author":[{"embeddable":true,"href":"https:\/\/www.mova.ch\/fr\/wp-json\/wp\/v2\/users\/7"}],"replies":[{"embeddable":true,"href":"https:\/\/www.mova.ch\/fr\/wp-json\/wp\/v2\/comments?post=8783"}],"version-history":[{"count":1,"href":"https:\/\/www.mova.ch\/fr\/wp-json\/wp\/v2\/pages\/8783\/revisions"}],"predecessor-version":[{"id":8787,"href":"https:\/\/www.mova.ch\/fr\/wp-json\/wp\/v2\/pages\/8783\/revisions\/8787"}],"wp:attachment":[{"href":"https:\/\/www.mova.ch\/fr\/wp-json\/wp\/v2\/media?parent=8783"}],"curies":[{"name":"wp","href":"https:\/\/api.w.org\/{rel}","templated":true}]}}