
{"id":38,"date":"2020-01-09T12:50:15","date_gmt":"2020-01-09T11:50:15","guid":{"rendered":"https:\/\/www.mova.ch\/?page_id=38"},"modified":"2022-08-11T16:51:56","modified_gmt":"2022-08-11T14:51:56","slug":"home-fr","status":"publish","type":"page","link":"https:\/\/www.mova.ch\/fr","title":{"rendered":"camp f\u00e9d\u00e9ral"},"content":{"rendered":"<h1>mova &#8211;\u00a0<strong>on y va !<\/strong><\/h1>\n<p>Le camp f\u00e9d\u00e9ral du Mouvement Scout de Suisse fait partie de l&rsquo;histoire. Les 30\u2019000 scout-e-s\u00a0ont quitt\u00e9 la vall\u00e9e de Conches. Il reste des yeux\u00a0qui\u00a0brillent\u00a0lorsqu&rsquo;ils\/elles\u00a0racontent le camp \u00e0 la maison, de nouvelles amiti\u00e9s qui dureront peut-\u00eatre toute une vie et des souvenirs qui\u00a0ne\u00a0s&rsquo;effaceront\u00a0jamais.<\/p>\n","protected":false},"excerpt":{"rendered":"<p>mova &#8211;\u00a0on y va ! Le camp f\u00e9d\u00e9ral du Mouvement Scout de Suisse fait partie de l&rsquo;histoire. Les 30\u2019000 scout-e-s\u00a0ont quitt\u00e9 la vall\u00e9e de Conches. Il reste des yeux\u00a0qui\u00a0brillent\u00a0lorsqu&rsquo;ils\/elles\u00a0racontent le camp \u00e0 la maison, de nouvelles amiti\u00e9s qui dureront peut-\u00eatre toute une vie et des souvenirs qui\u00a0ne\u00a0s&rsquo;effaceront\u00a0jamais.<\/p>\n","protected":false},"author":1,"featured_media":0,"parent":0,"menu_order":0,"comment_status":"closed","ping_status":"open","template":"home.php","meta":{"_acf_changed":false,"footnotes":""},"class_list":["post-38","page","type-page","status-publish","hentry"],"acf":[],"yoast_head":"<!-- This site is optimized with the Yoast SEO plugin v26.4 - https:\/\/yoast.com\/wordpress\/plugins\/seo\/ -->\n<title>camp f\u00e9d\u00e9ral - mova<\/title>\n<meta name=\"robots\" content=\"index, follow, max-snippet:-1, max-image-preview:large, max-video-preview:-1\" \/>\n<link rel=\"canonical\" href=\"https:\/\/www.mova.ch\/fr\" \/>\n<meta property=\"og:locale\" content=\"fr_FR\" \/>\n<meta property=\"og:type\" content=\"article\" \/>\n<meta property=\"og:title\" content=\"camp f\u00e9d\u00e9ral - mova\" \/>\n<meta property=\"og:description\" content=\"mova &#8211;\u00a0on y va ! Le camp f\u00e9d\u00e9ral du Mouvement Scout de Suisse fait partie de l&rsquo;histoire. Les 30\u2019000 scout-e-s\u00a0ont quitt\u00e9 la vall\u00e9e de Conches. Il reste des yeux\u00a0qui\u00a0brillent\u00a0lorsqu&rsquo;ils\/elles\u00a0racontent le camp \u00e0 la maison, de nouvelles amiti\u00e9s qui dureront peut-\u00eatre toute une vie et des souvenirs qui\u00a0ne\u00a0s&rsquo;effaceront\u00a0jamais.\" \/>\n<meta property=\"og:url\" content=\"https:\/\/www.mova.ch\/fr\" \/>\n<meta property=\"og:site_name\" content=\"mova\" \/>\n<meta property=\"article:publisher\" content=\"https:\/\/www.facebook.com\/mova2021\/\" \/>\n<meta property=\"article:modified_time\" content=\"2022-08-11T14:51:56+00:00\" \/>\n<meta property=\"og:image\" content=\"https:\/\/www.mova.ch\/wp-content\/uploads\/2020\/03\/facebookvorschau.jpg\" \/>\n\t<meta property=\"og:image:width\" content=\"1364\" \/>\n\t<meta property=\"og:image:height\" content=\"755\" \/>\n\t<meta property=\"og:image:type\" content=\"image\/jpeg\" \/>\n<meta name=\"twitter:card\" content=\"summary_large_image\" \/>\n<meta name=\"twitter:label1\" content=\"Dur\u00e9e de lecture estim\u00e9e\" \/>\n\t<meta name=\"twitter:data1\" content=\"1 minute\" \/>\n<script type=\"application\/ld+json\" class=\"yoast-schema-graph\">{\"@context\":\"https:\/\/schema.org\",\"@graph\":[{\"@type\":\"WebPage\",\"@id\":\"https:\/\/www.mova.ch\/fr\",\"url\":\"https:\/\/www.mova.ch\/fr\",\"name\":\"camp f\u00e9d\u00e9ral - mova\",\"isPartOf\":{\"@id\":\"https:\/\/www.mova.ch\/#website\"},\"datePublished\":\"2020-01-09T11:50:15+00:00\",\"dateModified\":\"2022-08-11T14:51:56+00:00\",\"breadcrumb\":{\"@id\":\"https:\/\/www.mova.ch\/fr#breadcrumb\"},\"inLanguage\":\"fr-FR\",\"potentialAction\":[{\"@type\":\"ReadAction\",\"target\":[\"https:\/\/www.mova.ch\/fr\"]}]},{\"@type\":\"BreadcrumbList\",\"@id\":\"https:\/\/www.mova.ch\/fr#breadcrumb\",\"itemListElement\":[{\"@type\":\"ListItem\",\"position\":1,\"name\":\"Startseite\",\"item\":\"https:\/\/www.mova.ch\/fr\"},{\"@type\":\"ListItem\",\"position\":2,\"name\":\"camp f\u00e9d\u00e9ral\"}]},{\"@type\":\"WebSite\",\"@id\":\"https:\/\/www.mova.ch\/#website\",\"url\":\"https:\/\/www.mova.ch\/\",\"name\":\"mova\",\"description\":\"Bundeslager - Camp F\u00e9d\u00e9ral - Campo Federale\",\"publisher\":{\"@id\":\"https:\/\/www.mova.ch\/#organization\"},\"potentialAction\":[{\"@type\":\"SearchAction\",\"target\":{\"@type\":\"EntryPoint\",\"urlTemplate\":\"https:\/\/www.mova.ch\/?s={search_term_string}\"},\"query-input\":{\"@type\":\"PropertyValueSpecification\",\"valueRequired\":true,\"valueName\":\"search_term_string\"}}],\"inLanguage\":\"fr-FR\"},{\"@type\":\"Organization\",\"@id\":\"https:\/\/www.mova.ch\/#organization\",\"name\":\"mova\",\"url\":\"https:\/\/www.mova.ch\/\",\"logo\":{\"@type\":\"ImageObject\",\"inLanguage\":\"fr-FR\",\"@id\":\"https:\/\/www.mova.ch\/#\/schema\/logo\/image\/\",\"url\":\"https:\/\/www.mova.ch\/wp-content\/uploads\/2020\/02\/mova.jpg\",\"contentUrl\":\"https:\/\/www.mova.ch\/wp-content\/uploads\/2020\/02\/mova.jpg\",\"width\":960,\"height\":960,\"caption\":\"mova\"},\"image\":{\"@id\":\"https:\/\/www.mova.ch\/#\/schema\/logo\/image\/\"},\"sameAs\":[\"https:\/\/www.facebook.com\/mova2021\/\",\"https:\/\/www.instagram.com\/cafe_bula21\/\"]}]}<\/script>\n<!-- \/ Yoast SEO plugin. -->","yoast_head_json":{"title":"camp f\u00e9d\u00e9ral - mova","robots":{"index":"index","follow":"follow","max-snippet":"max-snippet:-1","max-image-preview":"max-image-preview:large","max-video-preview":"max-video-preview:-1"},"canonical":"https:\/\/www.mova.ch\/fr","og_locale":"fr_FR","og_type":"article","og_title":"camp f\u00e9d\u00e9ral - mova","og_description":"mova &#8211;\u00a0on y va ! Le camp f\u00e9d\u00e9ral du Mouvement Scout de Suisse fait partie de l&rsquo;histoire. Les 30\u2019000 scout-e-s\u00a0ont quitt\u00e9 la vall\u00e9e de Conches. Il reste des yeux\u00a0qui\u00a0brillent\u00a0lorsqu&rsquo;ils\/elles\u00a0racontent le camp \u00e0 la maison, de nouvelles amiti\u00e9s qui dureront peut-\u00eatre toute une vie et des souvenirs qui\u00a0ne\u00a0s&rsquo;effaceront\u00a0jamais.","og_url":"https:\/\/www.mova.ch\/fr","og_site_name":"mova","article_publisher":"https:\/\/www.facebook.com\/mova2021\/","article_modified_time":"2022-08-11T14:51:56+00:00","og_image":[{"width":1364,"height":755,"url":"https:\/\/www.mova.ch\/wp-content\/uploads\/2020\/03\/facebookvorschau.jpg","type":"image\/jpeg"}],"twitter_card":"summary_large_image","twitter_misc":{"Dur\u00e9e de lecture estim\u00e9e":"1 minute"},"schema":{"@context":"https:\/\/schema.org","@graph":[{"@type":"WebPage","@id":"https:\/\/www.mova.ch\/fr","url":"https:\/\/www.mova.ch\/fr","name":"camp f\u00e9d\u00e9ral - mova","isPartOf":{"@id":"https:\/\/www.mova.ch\/#website"},"datePublished":"2020-01-09T11:50:15+00:00","dateModified":"2022-08-11T14:51:56+00:00","breadcrumb":{"@id":"https:\/\/www.mova.ch\/fr#breadcrumb"},"inLanguage":"fr-FR","potentialAction":[{"@type":"ReadAction","target":["https:\/\/www.mova.ch\/fr"]}]},{"@type":"BreadcrumbList","@id":"https:\/\/www.mova.ch\/fr#breadcrumb","itemListElement":[{"@type":"ListItem","position":1,"name":"Startseite","item":"https:\/\/www.mova.ch\/fr"},{"@type":"ListItem","position":2,"name":"camp f\u00e9d\u00e9ral"}]},{"@type":"WebSite","@id":"https:\/\/www.mova.ch\/#website","url":"https:\/\/www.mova.ch\/","name":"mova","description":"Bundeslager - Camp F\u00e9d\u00e9ral - Campo Federale","publisher":{"@id":"https:\/\/www.mova.ch\/#organization"},"potentialAction":[{"@type":"SearchAction","target":{"@type":"EntryPoint","urlTemplate":"https:\/\/www.mova.ch\/?s={search_term_string}"},"query-input":{"@type":"PropertyValueSpecification","valueRequired":true,"valueName":"search_term_string"}}],"inLanguage":"fr-FR"},{"@type":"Organization","@id":"https:\/\/www.mova.ch\/#organization","name":"mova","url":"https:\/\/www.mova.ch\/","logo":{"@type":"ImageObject","inLanguage":"fr-FR","@id":"https:\/\/www.mova.ch\/#\/schema\/logo\/image\/","url":"https:\/\/www.mova.ch\/wp-content\/uploads\/2020\/02\/mova.jpg","contentUrl":"https:\/\/www.mova.ch\/wp-content\/uploads\/2020\/02\/mova.jpg","width":960,"height":960,"caption":"mova"},"image":{"@id":"https:\/\/www.mova.ch\/#\/schema\/logo\/image\/"},"sameAs":["https:\/\/www.facebook.com\/mova2021\/","https:\/\/www.instagram.com\/cafe_bula21\/"]}]}},"_links":{"self":[{"href":"https:\/\/www.mova.ch\/fr\/wp-json\/wp\/v2\/pages\/38","targetHints":{"allow":["GET"]}}],"collection":[{"href":"https:\/\/www.mova.ch\/fr\/wp-json\/wp\/v2\/pages"}],"about":[{"href":"https:\/\/www.mova.ch\/fr\/wp-json\/wp\/v2\/types\/page"}],"author":[{"embeddable":true,"href":"https:\/\/www.mova.ch\/fr\/wp-json\/wp\/v2\/users\/1"}],"replies":[{"embeddable":true,"href":"https:\/\/www.mova.ch\/fr\/wp-json\/wp\/v2\/comments?post=38"}],"version-history":[{"count":19,"href":"https:\/\/www.mova.ch\/fr\/wp-json\/wp\/v2\/pages\/38\/revisions"}],"predecessor-version":[{"id":26287,"href":"https:\/\/www.mova.ch\/fr\/wp-json\/wp\/v2\/pages\/38\/revisions\/26287"}],"wp:attachment":[{"href":"https:\/\/www.mova.ch\/fr\/wp-json\/wp\/v2\/media?parent=38"}],"curies":[{"name":"wp","href":"https:\/\/api.w.org\/{rel}","templated":true}]}}